{"id":198,"date":"2023-07-21T18:25:24","date_gmt":"2023-07-21T16:25:24","guid":{"rendered":"https:\/\/www.caresexologie.com\/?page_id=198"},"modified":"2025-02-28T08:59:08","modified_gmt":"2025-02-28T07:59:08","slug":"la-sexologie","status":"publish","type":"page","link":"https:\/\/www.caresexologie.com\/index.php\/la-sexologie\/","title":{"rendered":"La sexologie ?"},"content":{"rendered":"\n<h3 class=\"wp-block-heading\">Qu&rsquo;est ce que la sexologie? <\/h3>\n\n\n\n<p>La sexologie est une <strong>discipline scientifique<\/strong> et multidisciplinaire, c\u2019est-\u00e0-dire qui concerne plusieurs sp\u00e9cialit\u00e9s.<\/p>\n\n\n\n<p class=\"justifier\">C\u2019est l\u2019<strong>\u00e9tude de la sexualit\u00e9 humaine<\/strong> sous diff\u00e9rents aspects. Elle englobe l&rsquo;\u00e9tude des aspects biologiques, psychologiques, sociaux et culturels de la sexualit\u00e9. L&rsquo;objectif principal de la sexologie est de <strong>comprendre<\/strong> et d&rsquo;<strong>am\u00e9liorer la sant\u00e9 sexuelle<\/strong> et le bien-\u00eatre sexuel des individus.<\/p>\n\n\n<div class=\"wp-block-image\">\n<figure class=\"aligncenter size-full is-resized\"><img loading=\"lazy\" decoding=\"async\" width=\"612\" height=\"340\" src=\"https:\/\/www.caresexologie.com\/wp-content\/uploads\/2024\/02\/istockphoto-1437961697-612x612-removebg-preview.png\" alt=\"loupe abstraite\" class=\"wp-image-435\" style=\"width:413px;height:auto\"\/><\/figure>\n<\/div>\n\n\n<p class=\"justifier\">Les sexologues sont des <strong>professionnels form\u00e9s<\/strong> dans ce domaine Ils aident et accompagnent les individus ou les couples \u00e0 <strong>surmonter des probl\u00e8mes ou des difficult\u00e9s li\u00e9es \u00e0 la sexualit\u00e9<\/strong>, \u00e0 am\u00e9liorer leur communication et \u00e0 d\u00e9velopper une relation plus \u00e9panouissante avec leur sexualit\u00e9.<\/p>\n\n\n<div class=\"wp-block-image\">\n<figure class=\"alignright size-full\"><img loading=\"lazy\" decoding=\"async\" width=\"210\" height=\"327\" src=\"https:\/\/www.caresexologie.com\/wp-content\/uploads\/2023\/07\/Feuillage-1bis.png\" alt=\"\" class=\"wp-image-214\"\/><\/figure>\n<\/div>\n\n\n<p class=\"justifier\">La sexologie aborde un <strong>large \u00e9ventail de sujets<\/strong>, notamment : <\/p>\n\n\n\n<ul class=\"wp-block-list\">\n<li>Les dysfonctions sexuelles,<\/li>\n\n\n\n<li>L&rsquo;\u00e9ducation sexuelle, <\/li>\n\n\n\n<li>Les orientations sexuelles, <\/li>\n\n\n\n<li>Les identit\u00e9s de genre, <\/li>\n\n\n\n<li>La contraception, <\/li>\n\n\n\n<li>Les infections sexuellement transmissibles (IST), <\/li>\n\n\n\n<li>La pr\u00e9vention des abus sexuels, <\/li>\n<\/ul>\n\n\n\n<p class=\"justifier\">Et bien d&rsquo;autres ! Elle vise \u00e0 <strong>promouvoir une vision positive de la sexualit\u00e9<\/strong>, d\u00e9nu\u00e9e de pr\u00e9jug\u00e9s, de st\u00e9r\u00e9otypes et de tabous, et \u00e0 soutenir la sant\u00e9 sexuelle et le bien-\u00eatre des individus dans leur diversit\u00e9.<\/p>\n\n\n\n<p class=\"justifier\">En r\u00e9sum\u00e9, la sexologie est une <strong>discipline<\/strong> qui s&rsquo;int\u00e9resse \u00e0 <strong>tous les aspects de la sexualit\u00e9 humaine <\/strong>dans le but de comprendre, d&rsquo;\u00e9duquer, de pr\u00e9venir et de traiter les difficult\u00e9s li\u00e9s \u00e0 la sexualit\u00e9, tout en favorisant une approche bienveillante, respectueuse et \u00e9clair\u00e9e de la sexualit\u00e9.<\/p>\n\n\n\n<p>Si vous pensez avoir besoin d&rsquo;une sexologue pour vous aider \u00e0 surmonter vos difficult\u00e9s, je vous accueille au cabinet ou en t\u00e9l\u00e9consultation !<\/p>\n\n\n\n<div class=\"wp-block-columns is-layout-flex wp-container-core-columns-is-layout-9d6595d7 wp-block-columns-is-layout-flex\">\n<div class=\"wp-block-column is-layout-flow wp-block-column-is-layout-flow\"><\/div>\n\n\n\n<div class=\"wp-block-column is-layout-flow wp-block-column-is-layout-flow\">\n<a class=\"maxbutton-11 maxbutton maxbutton-je-souhaite-prendre-rendez-vous\" href=\"https:\/\/outlook.office365.com\/owa\/calendar\/CARESCharlotteALEXANDRESexologue@caresexologie.onmicrosoft.com\/bookings\/\"><span class='mb-text'>Je souhaite prendre rendez-vous !<\/span><\/a>\n<\/div>\n\n\n\n<div class=\"wp-block-column is-layout-flow wp-block-column-is-layout-flow\"><\/div>\n<\/div>\n","protected":false},"excerpt":{"rendered":"<p>Qu&rsquo;est ce que la sexologie? La sexologie est une discipline scientifique et multidisciplinaire, c\u2019est-\u00e0-dire qui concerne plusieurs sp\u00e9cialit\u00e9s. C\u2019est l\u2019\u00e9tude de la sexualit\u00e9 humaine sous diff\u00e9rents aspects. Elle englobe l&rsquo;\u00e9tude des aspects biologiques, psychologiques, sociaux et culturels de la sexualit\u00e9. L&rsquo;objectif principal de la sexologie est de comprendre et d&rsquo;am\u00e9liorer la sant\u00e9 sexuelle et le [&hellip;]<\/p>\n","protected":false},"author":1,"featured_media":0,"parent":0,"menu_order":0,"comment_status":"closed","ping_status":"closed","template":"","meta":{"footnotes":""},"class_list":["post-198","page","type-page","status-publish","hentry","entry"],"yoast_head":"<!-- This site is optimized with the Yoast SEO plugin v20.12 - https:\/\/yoast.com\/wordpress\/plugins\/seo\/ -->\n<title>La sexologie ?<\/title>\n<meta name=\"description\" content=\"La sexologie est une discipline scientifique et multidisciplinaire, c\u2019est-\u00e0-dire qui concerne plusieurs sp\u00e9cialit\u00e9s.\" \/>\n<meta name=\"robots\" content=\"index, follow, max-snippet:-1, max-image-preview:large, max-video-preview:-1\" \/>\n<link rel=\"canonical\" href=\"https:\/\/www.caresexologie.com\/index.php\/la-sexologie\/\" \/>\n<meta property=\"og:locale\" content=\"fr_FR\" \/>\n<meta property=\"og:type\" content=\"article\" \/>\n<meta property=\"og:title\" content=\"La sexologie ?\" \/>\n<meta property=\"og:description\" content=\"La sexologie est une discipline scientifique et multidisciplinaire, c\u2019est-\u00e0-dire qui concerne plusieurs sp\u00e9cialit\u00e9s.\" \/>\n<meta property=\"og:url\" content=\"https:\/\/www.caresexologie.com\/index.php\/la-sexologie\/\" \/>\n<meta property=\"og:site_name\" content=\"Charlotte ALEXANDRE\" \/>\n<meta property=\"article:modified_time\" content=\"2025-02-28T07:59:08+00:00\" \/>\n<meta property=\"og:image\" content=\"https:\/\/www.caresexologie.com\/wp-content\/uploads\/2024\/02\/istockphoto-1437961697-612x612-removebg-preview.png\" \/>\n<meta name=\"twitter:card\" content=\"summary_large_image\" \/>\n<meta name=\"twitter:label1\" content=\"Dur\u00e9e de lecture estim\u00e9e\" \/>\n\t<meta name=\"twitter:data1\" content=\"2 minutes\" \/>\n<script type=\"application\/ld+json\" class=\"yoast-schema-graph\">{\"@context\":\"https:\/\/schema.org\",\"@graph\":[{\"@type\":\"WebPage\",\"@id\":\"https:\/\/www.caresexologie.com\/index.php\/la-sexologie\/\",\"url\":\"https:\/\/www.caresexologie.com\/index.php\/la-sexologie\/\",\"name\":\"La sexologie ?\",\"isPartOf\":{\"@id\":\"https:\/\/www.caresexologie.com\/#website\"},\"datePublished\":\"2023-07-21T16:25:24+00:00\",\"dateModified\":\"2025-02-28T07:59:08+00:00\",\"description\":\"La sexologie est une discipline scientifique et multidisciplinaire, c\u2019est-\u00e0-dire qui concerne plusieurs sp\u00e9cialit\u00e9s.\",\"breadcrumb\":{\"@id\":\"https:\/\/www.caresexologie.com\/index.php\/la-sexologie\/#breadcrumb\"},\"inLanguage\":\"fr-FR\",\"potentialAction\":[{\"@type\":\"ReadAction\",\"target\":[\"https:\/\/www.caresexologie.com\/index.php\/la-sexologie\/\"]}]},{\"@type\":\"BreadcrumbList\",\"@id\":\"https:\/\/www.caresexologie.com\/index.php\/la-sexologie\/#breadcrumb\",\"itemListElement\":[{\"@type\":\"ListItem\",\"position\":1,\"name\":\"Accueil\",\"item\":\"https:\/\/www.caresexologie.com\/\"},{\"@type\":\"ListItem\",\"position\":2,\"name\":\"La sexologie ?\"}]},{\"@type\":\"WebSite\",\"@id\":\"https:\/\/www.caresexologie.com\/#website\",\"url\":\"https:\/\/www.caresexologie.com\/\",\"name\":\"C.A.R.E.S\",\"description\":\"Sexologue - Lille\",\"publisher\":{\"@id\":\"https:\/\/www.caresexologie.com\/#organization\"},\"alternateName\":\"Cabinet d'Accompagnement et de Ressources pour l'Epanouissement Sexuel et celui du couple\",\"potentialAction\":[{\"@type\":\"SearchAction\",\"target\":{\"@type\":\"EntryPoint\",\"urlTemplate\":\"https:\/\/www.caresexologie.com\/?s={search_term_string}\"},\"query-input\":\"required name=search_term_string\"}],\"inLanguage\":\"fr-FR\"},{\"@type\":\"Organization\",\"@id\":\"https:\/\/www.caresexologie.com\/#organization\",\"name\":\"C.A.R.E.S\",\"url\":\"https:\/\/www.caresexologie.com\/\",\"logo\":{\"@type\":\"ImageObject\",\"inLanguage\":\"fr-FR\",\"@id\":\"https:\/\/www.caresexologie.com\/#\/schema\/logo\/image\/\",\"url\":\"https:\/\/www.caresexologie.com\/wp-content\/uploads\/2023\/10\/Logo-final.png\",\"contentUrl\":\"https:\/\/www.caresexologie.com\/wp-content\/uploads\/2023\/10\/Logo-final.png\",\"width\":1180,\"height\":393,\"caption\":\"C.A.R.E.S\"},\"image\":{\"@id\":\"https:\/\/www.caresexologie.com\/#\/schema\/logo\/image\/\"}}]}<\/script>\n<!-- \/ Yoast SEO plugin. -->","yoast_head_json":{"title":"La sexologie ?","description":"La sexologie est une discipline scientifique et multidisciplinaire, c\u2019est-\u00e0-dire qui concerne plusieurs sp\u00e9cialit\u00e9s.","robots":{"index":"index","follow":"follow","max-snippet":"max-snippet:-1","max-image-preview":"max-image-preview:large","max-video-preview":"max-video-preview:-1"},"canonical":"https:\/\/www.caresexologie.com\/index.php\/la-sexologie\/","og_locale":"fr_FR","og_type":"article","og_title":"La sexologie ?","og_description":"La sexologie est une discipline scientifique et multidisciplinaire, c\u2019est-\u00e0-dire qui concerne plusieurs sp\u00e9cialit\u00e9s.","og_url":"https:\/\/www.caresexologie.com\/index.php\/la-sexologie\/","og_site_name":"Charlotte ALEXANDRE","article_modified_time":"2025-02-28T07:59:08+00:00","og_image":[{"url":"https:\/\/www.caresexologie.com\/wp-content\/uploads\/2024\/02\/istockphoto-1437961697-612x612-removebg-preview.png"}],"twitter_card":"summary_large_image","twitter_misc":{"Dur\u00e9e de lecture estim\u00e9e":"2 minutes"},"schema":{"@context":"https:\/\/schema.org","@graph":[{"@type":"WebPage","@id":"https:\/\/www.caresexologie.com\/index.php\/la-sexologie\/","url":"https:\/\/www.caresexologie.com\/index.php\/la-sexologie\/","name":"La sexologie ?","isPartOf":{"@id":"https:\/\/www.caresexologie.com\/#website"},"datePublished":"2023-07-21T16:25:24+00:00","dateModified":"2025-02-28T07:59:08+00:00","description":"La sexologie est une discipline scientifique et multidisciplinaire, c\u2019est-\u00e0-dire qui concerne plusieurs sp\u00e9cialit\u00e9s.","breadcrumb":{"@id":"https:\/\/www.caresexologie.com\/index.php\/la-sexologie\/#breadcrumb"},"inLanguage":"fr-FR","potentialAction":[{"@type":"ReadAction","target":["https:\/\/www.caresexologie.com\/index.php\/la-sexologie\/"]}]},{"@type":"BreadcrumbList","@id":"https:\/\/www.caresexologie.com\/index.php\/la-sexologie\/#breadcrumb","itemListElement":[{"@type":"ListItem","position":1,"name":"Accueil","item":"https:\/\/www.caresexologie.com\/"},{"@type":"ListItem","position":2,"name":"La sexologie ?"}]},{"@type":"WebSite","@id":"https:\/\/www.caresexologie.com\/#website","url":"https:\/\/www.caresexologie.com\/","name":"C.A.R.E.S","description":"Sexologue - Lille","publisher":{"@id":"https:\/\/www.caresexologie.com\/#organization"},"alternateName":"Cabinet d'Accompagnement et de Ressources pour l'Epanouissement Sexuel et celui du couple","potentialAction":[{"@type":"SearchAction","target":{"@type":"EntryPoint","urlTemplate":"https:\/\/www.caresexologie.com\/?s={search_term_string}"},"query-input":"required name=search_term_string"}],"inLanguage":"fr-FR"},{"@type":"Organization","@id":"https:\/\/www.caresexologie.com\/#organization","name":"C.A.R.E.S","url":"https:\/\/www.caresexologie.com\/","logo":{"@type":"ImageObject","inLanguage":"fr-FR","@id":"https:\/\/www.caresexologie.com\/#\/schema\/logo\/image\/","url":"https:\/\/www.caresexologie.com\/wp-content\/uploads\/2023\/10\/Logo-final.png","contentUrl":"https:\/\/www.caresexologie.com\/wp-content\/uploads\/2023\/10\/Logo-final.png","width":1180,"height":393,"caption":"C.A.R.E.S"},"image":{"@id":"https:\/\/www.caresexologie.com\/#\/schema\/logo\/image\/"}}]}},"_links":{"self":[{"href":"https:\/\/www.caresexologie.com\/index.php\/wp-json\/wp\/v2\/pages\/198","targetHints":{"allow":["GET"]}}],"collection":[{"href":"https:\/\/www.caresexologie.com\/index.php\/wp-json\/wp\/v2\/pages"}],"about":[{"href":"https:\/\/www.caresexologie.com\/index.php\/wp-json\/wp\/v2\/types\/page"}],"author":[{"embeddable":true,"href":"https:\/\/www.caresexologie.com\/index.php\/wp-json\/wp\/v2\/users\/1"}],"replies":[{"embeddable":true,"href":"https:\/\/www.caresexologie.com\/index.php\/wp-json\/wp\/v2\/comments?post=198"}],"version-history":[{"count":16,"href":"https:\/\/www.caresexologie.com\/index.php\/wp-json\/wp\/v2\/pages\/198\/revisions"}],"predecessor-version":[{"id":468,"href":"https:\/\/www.caresexologie.com\/index.php\/wp-json\/wp\/v2\/pages\/198\/revisions\/468"}],"wp:attachment":[{"href":"https:\/\/www.caresexologie.com\/index.php\/wp-json\/wp\/v2\/media?parent=198"}],"curies":[{"name":"wp","href":"https:\/\/api.w.org\/{rel}","templated":true}]}}